{"id":2,"date":"2023-06-05T14:41:39","date_gmt":"2023-06-05T17:41:39","guid":{"rendered":"http:\/\/localhost\/auditar\/?page_id=2"},"modified":"2026-02-20T13:42:20","modified_gmt":"2026-02-20T16:42:20","slug":"home","status":"publish","type":"page","link":"https:\/\/auditar.com.br\/","title":{"rendered":"Home"},"content":{"rendered":"","protected":false},"excerpt":{"rendered":"","protected":false},"author":1,"featured_media":0,"parent":0,"menu_order":0,"comment_status":"closed","ping_status":"closed","template":"page-home.php","meta":{"footnotes":""},"acf":[],"yoast_head":"<!-- This site is optimized with the Yoast SEO Premium plugin v20.8 (Yoast SEO v20.8) - https:\/\/yoast.com\/wordpress\/plugins\/seo\/ -->\n<title>Auditar Contabilidade Consultiva S\/S - Auditoria e Contabilidade em Itaja\u00ed<\/title>\n<meta name=\"description\" content=\"A Auditar \u00e9 uma empresa contabilidade em Itaja\u00ed, com uma equipe altamente qualificada que atende mais de 1300 clientes em todo o pa\u00eds.\" \/>\n<meta name=\"robots\" content=\"index, follow, max-snippet:-1, max-image-preview:large, max-video-preview:-1\" \/>\n<link rel=\"canonical\" href=\"https:\/\/auditar.com.br\/\" \/>\n<meta property=\"og:locale\" content=\"pt_BR\" \/>\n<meta property=\"og:type\" content=\"article\" \/>\n<meta property=\"og:title\" content=\"Home\" \/>\n<meta property=\"og:description\" content=\"A Auditar \u00e9 uma empresa contabilidade em Itaja\u00ed, com uma equipe altamente qualificada que atende mais de 1300 clientes em todo o pa\u00eds.\" \/>\n<meta property=\"og:url\" content=\"https:\/\/auditar.com.br\/\" \/>\n<meta property=\"og:site_name\" content=\"Auditar\" \/>\n<meta property=\"article:publisher\" content=\"https:\/\/www.facebook.com\/auditarassessoriaeauditoria\/\" \/>\n<meta property=\"article:modified_time\" content=\"2026-02-20T16:42:20+00:00\" \/>\n<meta name=\"twitter:card\" content=\"summary_large_image\" \/>\n<script type=\"application\/ld+json\" class=\"yoast-schema-graph\">{\"@context\":\"https:\/\/schema.org\",\"@graph\":[{\"@type\":\"WebPage\",\"@id\":\"https:\/\/auditar.com.br\/\",\"url\":\"https:\/\/auditar.com.br\/\",\"name\":\"Auditar Contabilidade Consultiva S\/S - Auditoria e Contabilidade em Itaja\u00ed\",\"isPartOf\":{\"@id\":\"https:\/\/auditar.com.br\/#website\"},\"datePublished\":\"2023-06-05T17:41:39+00:00\",\"dateModified\":\"2026-02-20T16:42:20+00:00\",\"description\":\"A Auditar \u00e9 uma empresa contabilidade em Itaja\u00ed, com uma equipe altamente qualificada que atende mais de 1300 clientes em todo o pa\u00eds.\",\"breadcrumb\":{\"@id\":\"https:\/\/auditar.com.br\/#breadcrumb\"},\"inLanguage\":\"pt-BR\",\"potentialAction\":[{\"@type\":\"ReadAction\",\"target\":[\"https:\/\/auditar.com.br\/\"]}]},{\"@type\":\"BreadcrumbList\",\"@id\":\"https:\/\/auditar.com.br\/#breadcrumb\",\"itemListElement\":[{\"@type\":\"ListItem\",\"position\":1,\"name\":\"In\u00edcio\",\"item\":\"https:\/\/auditar.com.br\/\"},{\"@type\":\"ListItem\",\"position\":2,\"name\":\"Home\"}]},{\"@type\":\"WebSite\",\"@id\":\"https:\/\/auditar.com.br\/#website\",\"url\":\"https:\/\/auditar.com.br\/\",\"name\":\"Auditar\",\"description\":\"A Auditar nasceu a partir do sonho de empreendedores com atividades distintas, que somaram sua expertise para fundar uma empresa de assessoria cont\u00e1bil e de auditoria em Itaja\u00ed.\",\"publisher\":{\"@id\":\"https:\/\/auditar.com.br\/#organization\"},\"alternateName\":\"Auditar Contabilidade consultiva S\/S\",\"potentialAction\":[{\"@type\":\"SearchAction\",\"target\":{\"@type\":\"EntryPoint\",\"urlTemplate\":\"https:\/\/auditar.com.br\/?s={search_term_string}\"},\"query-input\":\"required name=search_term_string\"}],\"inLanguage\":\"pt-BR\"},{\"@type\":\"Organization\",\"@id\":\"https:\/\/auditar.com.br\/#organization\",\"name\":\"Auditar\",\"alternateName\":\"Assessoria Empresarial Ltda\",\"url\":\"https:\/\/auditar.com.br\/\",\"logo\":{\"@type\":\"ImageObject\",\"inLanguage\":\"pt-BR\",\"@id\":\"https:\/\/auditar.com.br\/#\/schema\/logo\/image\/\",\"url\":\"https:\/\/auditar.com.br\/wp-content\/uploads\/2023\/06\/logo.svg\",\"contentUrl\":\"https:\/\/auditar.com.br\/wp-content\/uploads\/2023\/06\/logo.svg\",\"width\":67,\"height\":45,\"caption\":\"Auditar\"},\"image\":{\"@id\":\"https:\/\/auditar.com.br\/#\/schema\/logo\/image\/\"},\"sameAs\":[\"https:\/\/www.facebook.com\/auditarassessoriaeauditoria\/\",\"https:\/\/www.instagram.com\/auditar.br\/\",\"https:\/\/br.linkedin.com\/in\/auditar-assessoria-empresarial-a29093169?trk=public_profile_browsemap\"]}]}<\/script>\n<!-- \/ Yoast SEO Premium plugin. -->","yoast_head_json":{"title":"Auditar Contabilidade Consultiva S\/S - Auditoria e Contabilidade em Itaja\u00ed","description":"A Auditar \u00e9 uma empresa contabilidade em Itaja\u00ed, com uma equipe altamente qualificada que atende mais de 1300 clientes em todo o pa\u00eds.","robots":{"index":"index","follow":"follow","max-snippet":"max-snippet:-1","max-image-preview":"max-image-preview:large","max-video-preview":"max-video-preview:-1"},"canonical":"https:\/\/auditar.com.br\/","og_locale":"pt_BR","og_type":"article","og_title":"Home","og_description":"A Auditar \u00e9 uma empresa contabilidade em Itaja\u00ed, com uma equipe altamente qualificada que atende mais de 1300 clientes em todo o pa\u00eds.","og_url":"https:\/\/auditar.com.br\/","og_site_name":"Auditar","article_publisher":"https:\/\/www.facebook.com\/auditarassessoriaeauditoria\/","article_modified_time":"2026-02-20T16:42:20+00:00","twitter_card":"summary_large_image","schema":{"@context":"https:\/\/schema.org","@graph":[{"@type":"WebPage","@id":"https:\/\/auditar.com.br\/","url":"https:\/\/auditar.com.br\/","name":"Auditar Contabilidade Consultiva S\/S - Auditoria e Contabilidade em Itaja\u00ed","isPartOf":{"@id":"https:\/\/auditar.com.br\/#website"},"datePublished":"2023-06-05T17:41:39+00:00","dateModified":"2026-02-20T16:42:20+00:00","description":"A Auditar \u00e9 uma empresa contabilidade em Itaja\u00ed, com uma equipe altamente qualificada que atende mais de 1300 clientes em todo o pa\u00eds.","breadcrumb":{"@id":"https:\/\/auditar.com.br\/#breadcrumb"},"inLanguage":"pt-BR","potentialAction":[{"@type":"ReadAction","target":["https:\/\/auditar.com.br\/"]}]},{"@type":"BreadcrumbList","@id":"https:\/\/auditar.com.br\/#breadcrumb","itemListElement":[{"@type":"ListItem","position":1,"name":"In\u00edcio","item":"https:\/\/auditar.com.br\/"},{"@type":"ListItem","position":2,"name":"Home"}]},{"@type":"WebSite","@id":"https:\/\/auditar.com.br\/#website","url":"https:\/\/auditar.com.br\/","name":"Auditar","description":"A Auditar nasceu a partir do sonho de empreendedores com atividades distintas, que somaram sua expertise para fundar uma empresa de assessoria cont\u00e1bil e de auditoria em Itaja\u00ed.","publisher":{"@id":"https:\/\/auditar.com.br\/#organization"},"alternateName":"Auditar Contabilidade consultiva S\/S","potentialAction":[{"@type":"SearchAction","target":{"@type":"EntryPoint","urlTemplate":"https:\/\/auditar.com.br\/?s={search_term_string}"},"query-input":"required name=search_term_string"}],"inLanguage":"pt-BR"},{"@type":"Organization","@id":"https:\/\/auditar.com.br\/#organization","name":"Auditar","alternateName":"Assessoria Empresarial Ltda","url":"https:\/\/auditar.com.br\/","logo":{"@type":"ImageObject","inLanguage":"pt-BR","@id":"https:\/\/auditar.com.br\/#\/schema\/logo\/image\/","url":"https:\/\/auditar.com.br\/wp-content\/uploads\/2023\/06\/logo.svg","contentUrl":"https:\/\/auditar.com.br\/wp-content\/uploads\/2023\/06\/logo.svg","width":67,"height":45,"caption":"Auditar"},"image":{"@id":"https:\/\/auditar.com.br\/#\/schema\/logo\/image\/"},"sameAs":["https:\/\/www.facebook.com\/auditarassessoriaeauditoria\/","https:\/\/www.instagram.com\/auditar.br\/","https:\/\/br.linkedin.com\/in\/auditar-assessoria-empresarial-a29093169?trk=public_profile_browsemap"]}]}},"_links":{"self":[{"href":"https:\/\/auditar.com.br\/index.php\/wp-json\/wp\/v2\/pages\/2"}],"collection":[{"href":"https:\/\/auditar.com.br\/index.php\/wp-json\/wp\/v2\/pages"}],"about":[{"href":"https:\/\/auditar.com.br\/index.php\/wp-json\/wp\/v2\/types\/page"}],"author":[{"embeddable":true,"href":"https:\/\/auditar.com.br\/index.php\/wp-json\/wp\/v2\/users\/1"}],"replies":[{"embeddable":true,"href":"https:\/\/auditar.com.br\/index.php\/wp-json\/wp\/v2\/comments?post=2"}],"version-history":[{"count":4,"href":"https:\/\/auditar.com.br\/index.php\/wp-json\/wp\/v2\/pages\/2\/revisions"}],"predecessor-version":[{"id":398,"href":"https:\/\/auditar.com.br\/index.php\/wp-json\/wp\/v2\/pages\/2\/revisions\/398"}],"wp:attachment":[{"href":"https:\/\/auditar.com.br\/index.php\/wp-json\/wp\/v2\/media?parent=2"}],"curies":[{"name":"wp","href":"https:\/\/api.w.org\/{rel}","templated":true}]}}