{"id":3,"date":"2023-06-05T14:41:39","date_gmt":"2023-06-05T17:41:39","guid":{"rendered":"http:\/\/localhost\/auditar\/?page_id=3"},"modified":"2023-08-03T14:40:11","modified_gmt":"2023-08-03T17:40:11","slug":"politica-de-privacidade","status":"publish","type":"page","link":"https:\/\/auditar.com.br\/index.php\/politica-de-privacidade\/","title":{"rendered":"Pol\u00edtica de privacidade"},"content":{"rendered":"\n<p>pol\u00edtica de Privacidade<br>\u00daltima atualiza\u00e7\u00e3o em 03 de agosto de 2023<br>Data efetiva 03 de agosto de 2023<\/p>\n\n\n\n<p>Esta Pol\u00edtica de Privacidade descreve as pol\u00edticas da Auditoria, R. Umbelino Dam\u00e1sio de Brito, 326, Sc 88303-050, Brasil, telefone: (47) 3247-5000 na cobran\u00e7a, uso e divulga\u00e7\u00e3o de suas informa\u00e7\u00f5es que coletamos quando voc\u00ea usa nosso site ( https:\/\/auditar.com.br ). (o servi\u00e7o&#8221;). Ao acessar ou usar o Servi\u00e7o, voc\u00ea concorda com a coleta, uso e divulga\u00e7\u00e3o de suas informa\u00e7\u00f5es de acordo com esta Pol\u00edtica de Privacidade. Se voc\u00ea n\u00e3o consentir com o mesmo, por favor, n\u00e3o acesse ou use o Servi\u00e7o.<br>Podemos modificar esta Pol\u00edtica de Privacidade a qualquer momento sem aviso pr\u00e9vio e publicaremos a Pol\u00edtica de Privacidade revisada no Servi\u00e7o. A Pol\u00edtica revisada entrar\u00e1 em vigor 180 dias a partir de quando a Pol\u00edtica revisada for publicada no Servi\u00e7o e seu acesso ou uso cont\u00ednuo do Servi\u00e7o ap\u00f3s esse per\u00edodo constituir\u00e1 sua aceita\u00e7\u00e3o da Pol\u00edtica de Privacidade revisada. Portanto, recomendamos que voc\u00ea revise periodicamente esta p\u00e1gina.<\/p>\n\n\n\n<p class=\"has-large-font-size\"><strong>Seus direitos:<\/strong><\/p>\n\n\n\n<p class=\"has-medium-font-size\">Dependendo da lei aplic\u00e1vel, voc\u00ea pode ter o direito de acessar e retificar ou apagar seus dados pessoais ou receber uma c\u00f3pia de seus dados pessoais, restringir ou se opor ao processamento ativo de seus dados, pe\u00e7a-nos para compartilhar (portar) seus dados pessoais informa\u00e7\u00f5es a outra entidade, retirar qualquer consentimento que voc\u00ea nos forneceu para processar seus dados, o direito de apresentar uma reclama\u00e7\u00e3o a uma autoridade legal e outros direitos que possam ser relevantes de acordo com as leis aplic\u00e1veis. Para exercer esses direitos, voc\u00ea pode nos escrever em ti@auditar.com.br. Responderemos \u00e0 sua solicita\u00e7\u00e3o de acordo com a lei aplic\u00e1vel.<br>Observe que, se voc\u00ea n\u00e3o nos permitir coletar ou processar as informa\u00e7\u00f5es pessoais necess\u00e1rias ou retirar o consentimento para processar as mesmas para os fins exigidos, talvez voc\u00ea n\u00e3o consiga acessar ou usar os servi\u00e7os para os quais suas informa\u00e7\u00f5es foram solicitadas.<\/p>\n\n\n\n<p class=\"has-large-font-size\"><strong>Seguran\u00e7a:<\/strong><\/p>\n\n\n\n<p>A seguran\u00e7a de suas informa\u00e7\u00f5es \u00e9 importante para n\u00f3s e usaremos medidas de seguran\u00e7a razo\u00e1veis para evitar a perda, uso indevido ou altera\u00e7\u00e3o n\u00e3o autorizada de suas informa\u00e7\u00f5es sob nosso controle. No entanto, dados os riscos inerentes, n\u00e3o podemos garantir a seguran\u00e7a absoluta e, consequentemente, n\u00e3o podemos garantir ou garantir a seguran\u00e7a de qualquer informa\u00e7\u00e3o que nos transmita e f\u00e1-lo por sua conta e risco.<\/p>\n\n\n\n<p class=\"has-large-font-size\"><strong>Links de terceiros e uso de suas informa\u00e7\u00f5es:<\/strong><\/p>\n\n\n\n<p class=\"has-medium-font-size\">Nosso Servi\u00e7o pode conter links para outros sites que n\u00e3o s\u00e3o operados por n\u00f3s. Esta Pol\u00edtica de Privacidade n\u00e3o aborda a pol\u00edtica de privacidade e outras pr\u00e1ticas de terceiros, incluindo terceiros operando qualquer site ou servi\u00e7o que possa ser acessado por meio de um link no Servi\u00e7o. Aconselhamos vivamente que reveja a pol\u00edtica de privacidade de cada site que visitar. N\u00e3o temos controle e n\u00e3o assumimos nenhuma responsabilidade pelo conte\u00fado, pol\u00edticas de privacidade ou pr\u00e1ticas de quaisquer sites ou servi\u00e7os de terceiros.<\/p>\n\n\n\n<p class=\"has-large-font-size\"><strong>Diretor de Reclama\u00e7\u00f5es\/Prote\u00e7\u00e3o de Dados:<\/strong><\/p>\n\n\n\n<p>Se voc\u00ea tiver alguma d\u00favida ou preocupa\u00e7\u00e3o sobre o processamento de suas informa\u00e7\u00f5es que est\u00e3o dispon\u00edveis conosco, voc\u00ea pode enviar um e-mail para nosso Diretor de Reclama\u00e7\u00f5es da Auditoria, R. Umbelino Dam\u00e1sio de Brito, 326, e-mail: ti@auditar.com.br. Abordaremos suas preocupa\u00e7\u00f5es de acordo com a lei aplic\u00e1vel.<\/p>\n","protected":false},"excerpt":{"rendered":"<p>pol\u00edtica de Privacidade\u00daltima atualiza\u00e7\u00e3o em 03 de agosto de 2023Data efetiva 03 de agosto de 2023 Esta Pol\u00edtica de Privacidade descreve as pol\u00edticas da Auditoria, R. Umbelino Dam\u00e1sio de Brito, 326, Sc 88303-050, Brasil, telefone: (47) 3247-5000 na cobran\u00e7a, uso e divulga\u00e7\u00e3o de suas informa\u00e7\u00f5es que coletamos quando voc\u00ea usa nosso site ( https:\/\/auditar.com.br ). [&hellip;]<\/p>\n","protected":false},"author":1,"featured_media":0,"parent":0,"menu_order":0,"comment_status":"closed","ping_status":"closed","template":"","meta":{"footnotes":""},"acf":[],"yoast_head":"<!-- This site is optimized with the Yoast SEO Premium plugin v20.8 (Yoast SEO v20.8) - https:\/\/yoast.com\/wordpress\/plugins\/seo\/ -->\n<title>Pol\u00edtica de privacidade - Auditar<\/title>\n<meta name=\"robots\" content=\"index, follow, max-snippet:-1, max-image-preview:large, max-video-preview:-1\" \/>\n<link rel=\"canonical\" href=\"https:\/\/auditar.com.br\/index.php\/politica-de-privacidade\/\" \/>\n<meta property=\"og:locale\" content=\"pt_BR\" \/>\n<meta property=\"og:type\" content=\"article\" \/>\n<meta property=\"og:title\" content=\"Pol\u00edtica de privacidade\" \/>\n<meta property=\"og:description\" content=\"pol\u00edtica de Privacidade\u00daltima atualiza\u00e7\u00e3o em 03 de agosto de 2023Data efetiva 03 de agosto de 2023 Esta Pol\u00edtica de Privacidade descreve as pol\u00edticas da Auditoria, R. Umbelino Dam\u00e1sio de Brito, 326, Sc 88303-050, Brasil, telefone: (47) 3247-5000 na cobran\u00e7a, uso e divulga\u00e7\u00e3o de suas informa\u00e7\u00f5es que coletamos quando voc\u00ea usa nosso site ( https:\/\/auditar.com.br ). [&hellip;]\" \/>\n<meta property=\"og:url\" content=\"https:\/\/auditar.com.br\/index.php\/politica-de-privacidade\/\" \/>\n<meta property=\"og:site_name\" content=\"Auditar\" \/>\n<meta property=\"article:publisher\" content=\"https:\/\/www.facebook.com\/auditarassessoriaeauditoria\/\" \/>\n<meta property=\"article:modified_time\" content=\"2023-08-03T17:40:11+00:00\" \/>\n<meta name=\"twitter:card\" content=\"summary_large_image\" \/>\n<meta name=\"twitter:label1\" content=\"Est. tempo de leitura\" \/>\n\t<meta name=\"twitter:data1\" content=\"3 minutos\" \/>\n<script type=\"application\/ld+json\" class=\"yoast-schema-graph\">{\"@context\":\"https:\/\/schema.org\",\"@graph\":[{\"@type\":\"WebPage\",\"@id\":\"https:\/\/auditar.com.br\/index.php\/politica-de-privacidade\/\",\"url\":\"https:\/\/auditar.com.br\/index.php\/politica-de-privacidade\/\",\"name\":\"Pol\u00edtica de privacidade - Auditar\",\"isPartOf\":{\"@id\":\"https:\/\/auditar.com.br\/#website\"},\"datePublished\":\"2023-06-05T17:41:39+00:00\",\"dateModified\":\"2023-08-03T17:40:11+00:00\",\"breadcrumb\":{\"@id\":\"https:\/\/auditar.com.br\/index.php\/politica-de-privacidade\/#breadcrumb\"},\"inLanguage\":\"pt-BR\",\"potentialAction\":[{\"@type\":\"ReadAction\",\"target\":[\"https:\/\/auditar.com.br\/index.php\/politica-de-privacidade\/\"]}]},{\"@type\":\"BreadcrumbList\",\"@id\":\"https:\/\/auditar.com.br\/index.php\/politica-de-privacidade\/#breadcrumb\",\"itemListElement\":[{\"@type\":\"ListItem\",\"position\":1,\"name\":\"In\u00edcio\",\"item\":\"https:\/\/auditar.com.br\/\"},{\"@type\":\"ListItem\",\"position\":2,\"name\":\"Pol\u00edtica de privacidade\"}]},{\"@type\":\"WebSite\",\"@id\":\"https:\/\/auditar.com.br\/#website\",\"url\":\"https:\/\/auditar.com.br\/\",\"name\":\"Auditar\",\"description\":\"A Auditar nasceu a partir do sonho de empreendedores com atividades distintas, que somaram sua expertise para fundar uma empresa de assessoria cont\u00e1bil e de auditoria em Itaja\u00ed.\",\"publisher\":{\"@id\":\"https:\/\/auditar.com.br\/#organization\"},\"alternateName\":\"Auditar Contabilidade consultiva S\/S\",\"potentialAction\":[{\"@type\":\"SearchAction\",\"target\":{\"@type\":\"EntryPoint\",\"urlTemplate\":\"https:\/\/auditar.com.br\/?s={search_term_string}\"},\"query-input\":\"required name=search_term_string\"}],\"inLanguage\":\"pt-BR\"},{\"@type\":\"Organization\",\"@id\":\"https:\/\/auditar.com.br\/#organization\",\"name\":\"Auditar\",\"alternateName\":\"Assessoria Empresarial Ltda\",\"url\":\"https:\/\/auditar.com.br\/\",\"logo\":{\"@type\":\"ImageObject\",\"inLanguage\":\"pt-BR\",\"@id\":\"https:\/\/auditar.com.br\/#\/schema\/logo\/image\/\",\"url\":\"https:\/\/auditar.com.br\/wp-content\/uploads\/2023\/06\/logo.svg\",\"contentUrl\":\"https:\/\/auditar.com.br\/wp-content\/uploads\/2023\/06\/logo.svg\",\"width\":67,\"height\":45,\"caption\":\"Auditar\"},\"image\":{\"@id\":\"https:\/\/auditar.com.br\/#\/schema\/logo\/image\/\"},\"sameAs\":[\"https:\/\/www.facebook.com\/auditarassessoriaeauditoria\/\",\"https:\/\/www.instagram.com\/auditar.br\/\",\"https:\/\/br.linkedin.com\/in\/auditar-assessoria-empresarial-a29093169?trk=public_profile_browsemap\"]}]}<\/script>\n<!-- \/ Yoast SEO Premium plugin. -->","yoast_head_json":{"title":"Pol\u00edtica de privacidade - Auditar","robots":{"index":"index","follow":"follow","max-snippet":"max-snippet:-1","max-image-preview":"max-image-preview:large","max-video-preview":"max-video-preview:-1"},"canonical":"https:\/\/auditar.com.br\/index.php\/politica-de-privacidade\/","og_locale":"pt_BR","og_type":"article","og_title":"Pol\u00edtica de privacidade","og_description":"pol\u00edtica de Privacidade\u00daltima atualiza\u00e7\u00e3o em 03 de agosto de 2023Data efetiva 03 de agosto de 2023 Esta Pol\u00edtica de Privacidade descreve as pol\u00edticas da Auditoria, R. Umbelino Dam\u00e1sio de Brito, 326, Sc 88303-050, Brasil, telefone: (47) 3247-5000 na cobran\u00e7a, uso e divulga\u00e7\u00e3o de suas informa\u00e7\u00f5es que coletamos quando voc\u00ea usa nosso site ( https:\/\/auditar.com.br ). [&hellip;]","og_url":"https:\/\/auditar.com.br\/index.php\/politica-de-privacidade\/","og_site_name":"Auditar","article_publisher":"https:\/\/www.facebook.com\/auditarassessoriaeauditoria\/","article_modified_time":"2023-08-03T17:40:11+00:00","twitter_card":"summary_large_image","twitter_misc":{"Est. tempo de leitura":"3 minutos"},"schema":{"@context":"https:\/\/schema.org","@graph":[{"@type":"WebPage","@id":"https:\/\/auditar.com.br\/index.php\/politica-de-privacidade\/","url":"https:\/\/auditar.com.br\/index.php\/politica-de-privacidade\/","name":"Pol\u00edtica de privacidade - Auditar","isPartOf":{"@id":"https:\/\/auditar.com.br\/#website"},"datePublished":"2023-06-05T17:41:39+00:00","dateModified":"2023-08-03T17:40:11+00:00","breadcrumb":{"@id":"https:\/\/auditar.com.br\/index.php\/politica-de-privacidade\/#breadcrumb"},"inLanguage":"pt-BR","potentialAction":[{"@type":"ReadAction","target":["https:\/\/auditar.com.br\/index.php\/politica-de-privacidade\/"]}]},{"@type":"BreadcrumbList","@id":"https:\/\/auditar.com.br\/index.php\/politica-de-privacidade\/#breadcrumb","itemListElement":[{"@type":"ListItem","position":1,"name":"In\u00edcio","item":"https:\/\/auditar.com.br\/"},{"@type":"ListItem","position":2,"name":"Pol\u00edtica de privacidade"}]},{"@type":"WebSite","@id":"https:\/\/auditar.com.br\/#website","url":"https:\/\/auditar.com.br\/","name":"Auditar","description":"A Auditar nasceu a partir do sonho de empreendedores com atividades distintas, que somaram sua expertise para fundar uma empresa de assessoria cont\u00e1bil e de auditoria em Itaja\u00ed.","publisher":{"@id":"https:\/\/auditar.com.br\/#organization"},"alternateName":"Auditar Contabilidade consultiva S\/S","potentialAction":[{"@type":"SearchAction","target":{"@type":"EntryPoint","urlTemplate":"https:\/\/auditar.com.br\/?s={search_term_string}"},"query-input":"required name=search_term_string"}],"inLanguage":"pt-BR"},{"@type":"Organization","@id":"https:\/\/auditar.com.br\/#organization","name":"Auditar","alternateName":"Assessoria Empresarial Ltda","url":"https:\/\/auditar.com.br\/","logo":{"@type":"ImageObject","inLanguage":"pt-BR","@id":"https:\/\/auditar.com.br\/#\/schema\/logo\/image\/","url":"https:\/\/auditar.com.br\/wp-content\/uploads\/2023\/06\/logo.svg","contentUrl":"https:\/\/auditar.com.br\/wp-content\/uploads\/2023\/06\/logo.svg","width":67,"height":45,"caption":"Auditar"},"image":{"@id":"https:\/\/auditar.com.br\/#\/schema\/logo\/image\/"},"sameAs":["https:\/\/www.facebook.com\/auditarassessoriaeauditoria\/","https:\/\/www.instagram.com\/auditar.br\/","https:\/\/br.linkedin.com\/in\/auditar-assessoria-empresarial-a29093169?trk=public_profile_browsemap"]}]}},"_links":{"self":[{"href":"https:\/\/auditar.com.br\/index.php\/wp-json\/wp\/v2\/pages\/3"}],"collection":[{"href":"https:\/\/auditar.com.br\/index.php\/wp-json\/wp\/v2\/pages"}],"about":[{"href":"https:\/\/auditar.com.br\/index.php\/wp-json\/wp\/v2\/types\/page"}],"author":[{"embeddable":true,"href":"https:\/\/auditar.com.br\/index.php\/wp-json\/wp\/v2\/users\/1"}],"replies":[{"embeddable":true,"href":"https:\/\/auditar.com.br\/index.php\/wp-json\/wp\/v2\/comments?post=3"}],"version-history":[{"count":0,"href":"https:\/\/auditar.com.br\/index.php\/wp-json\/wp\/v2\/pages\/3\/revisions"}],"wp:attachment":[{"href":"https:\/\/auditar.com.br\/index.php\/wp-json\/wp\/v2\/media?parent=3"}],"curies":[{"name":"wp","href":"https:\/\/api.w.org\/{rel}","templated":true}]}}